{"id":7578,"date":"2023-07-03T18:30:09","date_gmt":"2023-07-03T18:30:09","guid":{"rendered":"https:\/\/f2b35138e6.nxcli.io\/pearland\/defensa-penal\/delitos-juveniles\/"},"modified":"2023-11-20T01:57:42","modified_gmt":"2023-11-20T01:57:42","slug":"delitos-juveniles","status":"publish","type":"page","link":"https:\/\/thekahnlawfirm.com\/es\/defensa-penal\/delitos-juveniles\/","title":{"rendered":"Delitos juveniles"},"content":{"rendered":"<h1>Abogados de Delitos Juveniles en Pearland le ayudan a defender a su hijo contra los cargos<\/h1>\n<p>Como padre, es duro ver a tu hijo pasar por un momento dif\u00edcil. Si su hijo fue v\u00edctima de la presi\u00f3n de grupo, termin\u00f3 en el lugar equivocado en el momento equivocado, o simplemente tom\u00f3 una mala decisi\u00f3n, sabemos lo estresante que puede ser para hacer frente a un caso penal juvenil. Aqu\u00ed en The Kahn Law Firm, PC, creemos que los menores merecen una segunda oportunidad y no debe tener toda su vida en suspenso por un solo error.<\/p>\n<p>Contratar a un abogado de defensa penal juvenil es la mejor manera de ayudar a su hijo cuando se enfrenta a cargos penales. Nuestros abogados experimentados pueden ayudar a defender un cargo de delincuencia y obtener el mejor resultado posible para usted o su hijo. Para obtener m\u00e1s informaci\u00f3n sobre The Kahn Law Firm, P.C. y c\u00f3mo podemos ayudarle a usted y a su hijo, ll\u00e1menos al 713-999-6549.<\/p>\n<h2>\u00bfCu\u00e1les son las diferencias entre las causas penales de menores y de adultos?<\/h2>\n<p>Los delincuentes del sistema de justicia penal para adultos suelen enfrentarse a penas m\u00e1s severas y per\u00edodos de condena m\u00e1s prolongados. El sistema de justicia penal para adultos se centra en gran medida en la seguridad de la comunidad y el castigo m\u00e1s que en la rehabilitaci\u00f3n. En los casos de delitos graves, los adultos suelen enfrentarse a penas de prisi\u00f3n de larga duraci\u00f3n o incluso de cadena perpetua.<\/p>\n<p>Por otro lado, el sistema de defensa penal juvenil se centra m\u00e1s en la rehabilitaci\u00f3n y en encontrar soluciones para que el delincuente juvenil no repita los mismos errores. A menudo, tendr\u00e1n opciones de condena m\u00e1s leves, como servicios a la comunidad o el pago de multas y sanciones en lugar de ir a la c\u00e1rcel.<\/p>\n<p>Hay algunos casos en que un fiscal demasiado entusiasta puede abogar por penas severas despu\u00e9s de un delito juvenil. Por eso es esencial contratar inmediatamente a un abogado penalista de menores. Nuestro equipo recomendar\u00e1 penas que rehabiliten al menor en lugar de castigarlo para que pueda continuar su vida como ciudadano respetuoso con la ley.<\/p>\n<h2>\u00bfCu\u00e1les son los delitos juveniles m\u00e1s comunes?<\/h2>\n<p>Los menores pueden ser acusados de la mayor\u00eda de los delitos que se imputan a los adultos. Sin embargo, hay algunos delitos comunes de los que se acusa a muchos menores.<br \/>\nEstos delitos incluyen:<\/p>\n<ul>\n<li>Menores de edad DUI o DWI<\/li>\n<li>Agresi\u00f3n y lesiones<\/li>\n<li>Robo en tiendas<\/li>\n<li>Vandalismo<\/li>\n<li>Conducir sin carn\u00e9<\/li>\n<li>Absentismo escolar<\/li>\n<li>Consumo de alcohol o tabaco por menores de edad<\/li>\n<li>Delitos de bandas<\/li>\n<li>Violaciones de la libertad condicional<\/li>\n<li>Infracciones del toque de queda<\/li>\n<li>Agresi\u00f3n sexual a menores<\/li>\n<\/ul>\n<p>Si su hijo fue acusado de uno de los delitos anteriores o algo m\u00e1s, nuestro equipo de abogados experimentados est\u00e1 aqu\u00ed para ayudar. Ll\u00e1menos hoy mismo para ver c\u00f3mo podemos ayudarle.<\/p>\n<h2>\u00bfCu\u00e1les son las penas habituales para los delitos juveniles?<\/h2>\n<p>Los delincuentes menores de edad suelen ser acusados y condenados a trav\u00e9s del sistema de justicia penal juvenil. Muchos delincuentes acusados acaban recibiendo penas como asesoramiento, libertad condicional, servicios a la comunidad o tratamiento contra el alcoholismo y la drogadicci\u00f3n. El tribunal de menores suele colaborar con trabajadores sociales, colegios y asesores para encontrar el mejor plan de tratamiento posible para su hijo.<br \/>\nIdealmente, nuestro equipo tambi\u00e9n trabajar\u00e1 para mantener el cargo fuera del expediente de su hijo para que esta desafortunada situaci\u00f3n no les siga en la edad adulta. Sellar o borrar sus antecedentes puede ser una opci\u00f3n dependiendo de la naturaleza del delito.<\/p>\n<p>Sin embargo, si su hijo es acusado de un delito violento u homicidio, las penas pueden seguir siendo severas. Son habituales sanciones como la retirada del permiso de conducir, multas elevadas y el internamiento en un centro de detenci\u00f3n de menores. Por delitos graves, como agresi\u00f3n sexual o asesinato, los menores pueden incluso enfrentarse a largas penas de prisi\u00f3n, aunque la cadena perpetua no suele ser una opci\u00f3n para los delincuentes menores de edad.<br \/>\nContratar a un abogado defensor de menores es la mejor manera de defender a su hijo en el tribunal de menores para protegerlos de multas y sanciones irrazonables.<\/p>\n<h2>\u00bfNecesito contratar a un abogado especializado en delitos juveniles?<\/h2>\n<p>Ver a su hijo acusado de un delito es una experiencia aterradora. Afortunadamente, contratar a un abogado penalista de menores puede ayudar. Con un abogado defensor de menores de su lado, puede asegurarse de que sus hijos no vean descarriladas sus vidas por un simple error. Con la defensa adecuada, nuestro equipo puede abogar por la rehabilitaci\u00f3n en lugar de castigo despu\u00e9s de un caso de menores para que su hijo pueda seguir creciendo en un ciudadano adulto respetuoso de la ley.<\/p>\n<p>Si su hijo o hija es acusado de un delito, no lo dude. Llame a <a href=\"https:\/\/thekahnlawfirm.com\/\">The Kahn Law Firm, P.C<\/a>. para una evaluaci\u00f3n gratuita de su caso al 713-999-6549. Nuestro experimentado equipo estar\u00e1 encantado de ayudarle con cualquier cargo penal juvenil que usted o su hijo puedan enfrentar.<\/p>\n","protected":false},"excerpt":{"rendered":"<p>Abogados de Delitos Juveniles en Pearland le ayudan a defender a su hijo contra los cargos Como padre, es duro [&hellip;]<\/p>\n","protected":false},"author":8,"featured_media":9258,"parent":7534,"menu_order":0,"comment_status":"closed","ping_status":"closed","template":"","meta":{"_uag_custom_page_level_css":"","site-sidebar-layout":"default","site-content-layout":"","ast-site-content-layout":"default","site-content-style":"default","site-sidebar-style":"default","ast-global-header-display":"","ast-banner-title-visibility":"","ast-main-header-display":"","ast-hfb-above-header-display":"","ast-hfb-below-header-display":"","ast-hfb-mobile-header-display":"","site-post-title":"","ast-breadcrumbs-content":"","ast-featured-img":"","footer-sml-layout":"","ast-disable-related-posts":"","theme-transparent-header-meta":"","adv-header-id-meta":"","stick-header-meta":"","header-above-stick-meta":"","header-main-stick-meta":"","header-below-stick-meta":"","astra-migrate-meta-layouts":"default","ast-page-background-enabled":"default","ast-page-background-meta":{"desktop":{"background-color":"var(--ast-global-color-4)","background-image":"","background-repeat":"repeat","background-position":"center center","background-size":"auto","background-attachment":"scroll","background-type":"","background-media":"","overlay-type":"","overlay-color":"","overlay-opacity":"","overlay-gradient":""},"tablet":{"background-color":"","background-image":"","background-repeat":"repeat","background-position":"center center","background-size":"auto","background-attachment":"scroll","background-type":"","background-media":"","overlay-type":"","overlay-color":"","overlay-opacity":"","overlay-gradient":""},"mobile":{"background-color":"","background-image":"","background-repeat":"repeat","background-position":"center center","background-size":"auto","background-attachment":"scroll","background-type":"","background-media":"","overlay-type":"","overlay-color":"","overlay-opacity":"","overlay-gradient":""}},"ast-content-background-meta":{"desktop":{"background-color":"var(--ast-global-color-5)","background-image":"","background-repeat":"repeat","background-position":"center center","background-size":"auto","background-attachment":"scroll","background-type":"","background-media":"","overlay-type":"","overlay-color":"","overlay-opacity":"","overlay-gradient":""},"tablet":{"background-color":"var(--ast-global-color-5)","background-image":"","background-repeat":"repeat","background-position":"center center","background-size":"auto","background-attachment":"scroll","background-type":"","background-media":"","overlay-type":"","overlay-color":"","overlay-opacity":"","overlay-gradient":""},"mobile":{"background-color":"var(--ast-global-color-5)","background-image":"","background-repeat":"repeat","background-position":"center center","background-size":"auto","background-attachment":"scroll","background-type":"","background-media":"","overlay-type":"","overlay-color":"","overlay-opacity":"","overlay-gradient":""}},"footnotes":""},"class_list":["post-7578","page","type-page","status-publish","has-post-thumbnail","hentry"],"yoast_head":"<!-- This site is optimized with the Yoast SEO plugin v27.2 - https:\/\/yoast.com\/product\/yoast-seo-wordpress\/ -->\n<title>Abogados de Delitos Juveniles en Pearland - Texas<\/title>\n<meta name=\"description\" content=\"\u00bfSu hijo necesita ayuda para luchar contra los cargos de delincuencia juvenil en Pearland? P\u00f3ngase en contacto con nosotros hoy mismo para que le representemos.\" \/>\n<meta name=\"robots\" content=\"index, follow, max-snippet:-1, max-image-preview:large, max-video-preview:-1\" \/>\n<link rel=\"canonical\" href=\"https:\/\/thekahnlawfirm.com\/es\/defensa-penal\/delitos-juveniles\/\" \/>\n<meta property=\"og:locale\" content=\"es_ES\" \/>\n<meta property=\"og:type\" content=\"article\" \/>\n<meta property=\"og:title\" content=\"Abogados de Delitos Juveniles en Pearland - Texas\" \/>\n<meta property=\"og:description\" content=\"\u00bfSu hijo necesita ayuda para luchar contra los cargos de delincuencia juvenil en Pearland? P\u00f3ngase en contacto con nosotros hoy mismo para que le representemos.\" \/>\n<meta property=\"og:url\" content=\"https:\/\/thekahnlawfirm.com\/es\/defensa-penal\/delitos-juveniles\/\" \/>\n<meta property=\"og:site_name\" content=\"The Kahn Law Firm, P.C.\" \/>\n<meta property=\"article:modified_time\" content=\"2023-11-20T01:57:42+00:00\" \/>\n<meta property=\"og:image\" content=\"https:\/\/thekahnlawfirm.com\/wp-content\/uploads\/2024\/11\/blog_image-fe.webp\" \/>\n\t<meta property=\"og:image:width\" content=\"1834\" \/>\n\t<meta property=\"og:image:height\" content=\"810\" \/>\n\t<meta property=\"og:image:type\" content=\"image\/webp\" \/>\n<meta name=\"twitter:card\" content=\"summary_large_image\" \/>\n<meta name=\"twitter:label1\" content=\"Tiempo de lectura\" \/>\n\t<meta name=\"twitter:data1\" content=\"4 minutos\" \/>\n<!-- \/ Yoast SEO plugin. -->","yoast_head_json":{"title":"Abogados de Delitos Juveniles en Pearland - Texas","description":"\u00bfSu hijo necesita ayuda para luchar contra los cargos de delincuencia juvenil en Pearland? P\u00f3ngase en contacto con nosotros hoy mismo para que le representemos.","robots":{"index":"index","follow":"follow","max-snippet":"max-snippet:-1","max-image-preview":"max-image-preview:large","max-video-preview":"max-video-preview:-1"},"canonical":"https:\/\/thekahnlawfirm.com\/es\/defensa-penal\/delitos-juveniles\/","og_locale":"es_ES","og_type":"article","og_title":"Abogados de Delitos Juveniles en Pearland - Texas","og_description":"\u00bfSu hijo necesita ayuda para luchar contra los cargos de delincuencia juvenil en Pearland? P\u00f3ngase en contacto con nosotros hoy mismo para que le representemos.","og_url":"https:\/\/thekahnlawfirm.com\/es\/defensa-penal\/delitos-juveniles\/","og_site_name":"The Kahn Law Firm, P.C.","article_modified_time":"2023-11-20T01:57:42+00:00","og_image":[{"width":1834,"height":810,"url":"https:\/\/thekahnlawfirm.com\/wp-content\/uploads\/2024\/11\/blog_image-fe.webp","type":"image\/webp"}],"twitter_card":"summary_large_image","twitter_misc":{"Tiempo de lectura":"4 minutos"},"schema":{"@context":"https:\/\/schema.org","@graph":[{"@type":"WebPage","@id":"https:\/\/thekahnlawfirm.com\/es\/defensa-penal\/delitos-juveniles\/","url":"https:\/\/thekahnlawfirm.com\/es\/defensa-penal\/delitos-juveniles\/","name":"Abogados de Delitos Juveniles en Pearland - Texas","isPartOf":{"@id":"https:\/\/thekahnlawfirm.com\/es\/#website"},"primaryImageOfPage":{"@id":"https:\/\/thekahnlawfirm.com\/es\/defensa-penal\/delitos-juveniles\/#primaryimage"},"image":{"@id":"https:\/\/thekahnlawfirm.com\/es\/defensa-penal\/delitos-juveniles\/#primaryimage"},"thumbnailUrl":"https:\/\/thekahnlawfirm.com\/wp-content\/uploads\/2024\/11\/blog_image-fe.webp","datePublished":"2023-07-03T18:30:09+00:00","dateModified":"2023-11-20T01:57:42+00:00","description":"\u00bfSu hijo necesita ayuda para luchar contra los cargos de delincuencia juvenil en Pearland? P\u00f3ngase en contacto con nosotros hoy mismo para que le representemos.","breadcrumb":{"@id":"https:\/\/thekahnlawfirm.com\/es\/defensa-penal\/delitos-juveniles\/#breadcrumb"},"inLanguage":"es","potentialAction":[{"@type":"ReadAction","target":["https:\/\/thekahnlawfirm.com\/es\/defensa-penal\/delitos-juveniles\/"]}]},{"@type":"ImageObject","inLanguage":"es","@id":"https:\/\/thekahnlawfirm.com\/es\/defensa-penal\/delitos-juveniles\/#primaryimage","url":"https:\/\/thekahnlawfirm.com\/wp-content\/uploads\/2024\/11\/blog_image-fe.webp","contentUrl":"https:\/\/thekahnlawfirm.com\/wp-content\/uploads\/2024\/11\/blog_image-fe.webp","width":1834,"height":810,"caption":"blog_image-fe"},{"@type":"BreadcrumbList","@id":"https:\/\/thekahnlawfirm.com\/es\/defensa-penal\/delitos-juveniles\/#breadcrumb","itemListElement":[{"@type":"ListItem","position":1,"name":"Home","item":"https:\/\/thekahnlawfirm.com\/es\/"},{"@type":"ListItem","position":2,"name":"Defensa Penal","item":"https:\/\/thekahnlawfirm.com\/es\/criminal-defense\/"},{"@type":"ListItem","position":3,"name":"Delitos juveniles"}]},{"@type":"WebSite","@id":"https:\/\/thekahnlawfirm.com\/es\/#website","url":"https:\/\/thekahnlawfirm.com\/es\/","name":"The Kahn Law Firm, P.C.","description":"","publisher":{"@id":"https:\/\/thekahnlawfirm.com\/es\/#organization"},"potentialAction":[{"@type":"SearchAction","target":{"@type":"EntryPoint","urlTemplate":"https:\/\/thekahnlawfirm.com\/es\/?s={search_term_string}"},"query-input":{"@type":"PropertyValueSpecification","valueRequired":true,"valueName":"search_term_string"}}],"inLanguage":"es"},{"@type":"Organization","@id":"https:\/\/thekahnlawfirm.com\/es\/#organization","name":"The Kahn Law Firm, P.C.","url":"https:\/\/thekahnlawfirm.com\/es\/","logo":{"@type":"ImageObject","inLanguage":"es","@id":"https:\/\/thekahnlawfirm.com\/es\/#\/schema\/logo\/image\/","url":"https:\/\/thekahnlawfirm.com\/wp-content\/uploads\/2025\/02\/cropped-The-Kahn-final-1.png","contentUrl":"https:\/\/thekahnlawfirm.com\/wp-content\/uploads\/2025\/02\/cropped-The-Kahn-final-1.png","width":2560,"height":912,"caption":"The Kahn Law Firm, P.C."},"image":{"@id":"https:\/\/thekahnlawfirm.com\/es\/#\/schema\/logo\/image\/"}}]}},"spectra_custom_meta":{"_top_nav_excluded":[""],"_cms_nav_minihome":[""],"_wp_page_template":["default"],"_last_translation_edit_mode":["translation-editor"],"_yoast_wpseo_title":["Abogados de Delitos Juveniles en Pearland - Texas"],"_yoast_wpseo_metadesc":["\u00bfSu hijo necesita ayuda para luchar contra los cargos de delincuencia juvenil en Pearland? P\u00f3ngase en contacto con nosotros hoy mismo para que le representemos."],"wp_schema_pro_optimized_structured_data":["<!-- Schema optimized by Schema Pro --><script type=\"application\/ld+json\">\r\n{\r\n  \"@context\": \"https:\/\/schema.org\",\r\n  \"@type\": \"LegalService\",\r\n  \"name\": \"The Kahn Law Firm, P.C.\",\r\n  \"description\": \"Do you need a solid legal ally to represent you when dealing with a personal injury or facing criminal charges in Brazoria County? Contact our team today.\",\r\n  \"url\": \"https:\/\/thekahnlawfirm.com\/\",\r\n  \"image\": \"https:\/\/thekahnlawfirm.com\/wp-content\/uploads\/2025\/02\/cropped-The-Kahn-final-1-300x107.png\",\r\n  \"address\": {\r\n    \"@type\": \"PostalAddress\",\r\n    \"streetAddress\": \"2225 County Rd 90 #109,\",\r\n    \"addressLocality\": \"Pearland\",\r\n    \"addressRegion\": \"TX\",\r\n    \"postalCode\": \"77584\",\r\n    \"addressCountry\": \"US\"\r\n  },\r\n  \"telephone\": \"+17139996549\",\r\n  \"openingHours\": \"24\/7\",\r\n  \"areaServed\": \"US\",\r\n  \"sameAs\": [\r\n    \"https:\/\/www.linkedin.com\/company\/the-kahn-law-firm-p-c-\/\",\r\n    \"https:\/\/www.instagram.com\/kahnlawyers\/\"\r\n  ]\r\n}\r\n<\/script><!-- \/ Schema optimized by Schema Pro -->"],"_uag_css_file_name":["uag-css-7578.css"],"_uag_js_file_name":["uag-js-7578.js"],"_thumbnail_id":["9258"]},"uagb_featured_image_src":{"full":["https:\/\/thekahnlawfirm.com\/wp-content\/uploads\/2024\/11\/blog_image-fe.webp",1834,810,false],"thumbnail":["https:\/\/thekahnlawfirm.com\/wp-content\/uploads\/2024\/11\/blog_image-fe-150x150.webp",150,150,true],"medium":["https:\/\/thekahnlawfirm.com\/wp-content\/uploads\/2024\/11\/blog_image-fe-300x132.webp",300,132,true],"medium_large":["https:\/\/thekahnlawfirm.com\/wp-content\/uploads\/2024\/11\/blog_image-fe-768x339.webp",768,339,true],"large":["https:\/\/thekahnlawfirm.com\/wp-content\/uploads\/2024\/11\/blog_image-fe-1024x452.webp",1024,452,true],"1536x1536":["https:\/\/thekahnlawfirm.com\/wp-content\/uploads\/2024\/11\/blog_image-fe-1536x678.webp",1536,678,true],"2048x2048":["https:\/\/thekahnlawfirm.com\/wp-content\/uploads\/2024\/11\/blog_image-fe.webp",1834,810,false]},"uagb_author_info":{"display_name":"The Kahn Law Firm, P.C.","author_link":"https:\/\/thekahnlawfirm.com\/es\/author\/smbteam\/"},"uagb_comment_info":0,"uagb_excerpt":"Abogados de Delitos Juveniles en Pearland le ayudan a defender a su hijo contra los cargos Como padre, es duro [&hellip;]","_links":{"self":[{"href":"https:\/\/thekahnlawfirm.com\/es\/wp-json\/wp\/v2\/pages\/7578","targetHints":{"allow":["GET"]}}],"collection":[{"href":"https:\/\/thekahnlawfirm.com\/es\/wp-json\/wp\/v2\/pages"}],"about":[{"href":"https:\/\/thekahnlawfirm.com\/es\/wp-json\/wp\/v2\/types\/page"}],"author":[{"embeddable":true,"href":"https:\/\/thekahnlawfirm.com\/es\/wp-json\/wp\/v2\/users\/8"}],"replies":[{"embeddable":true,"href":"https:\/\/thekahnlawfirm.com\/es\/wp-json\/wp\/v2\/comments?post=7578"}],"version-history":[{"count":0,"href":"https:\/\/thekahnlawfirm.com\/es\/wp-json\/wp\/v2\/pages\/7578\/revisions"}],"up":[{"embeddable":true,"href":"https:\/\/thekahnlawfirm.com\/es\/wp-json\/wp\/v2\/pages\/7534"}],"wp:featuredmedia":[{"embeddable":true,"href":"https:\/\/thekahnlawfirm.com\/es\/wp-json\/wp\/v2\/media\/9258"}],"wp:attachment":[{"href":"https:\/\/thekahnlawfirm.com\/es\/wp-json\/wp\/v2\/media?parent=7578"}],"curies":[{"name":"wp","href":"https:\/\/api.w.org\/{rel}","templated":true}]}}